{"id":101,"date":"2024-01-15T07:22:09","date_gmt":"2024-01-15T06:22:09","guid":{"rendered":"http:\/\/lektorat.jjanzen.de\/?page_id=101"},"modified":"2024-03-04T00:28:38","modified_gmt":"2024-03-03T23:28:38","slug":"fragen-und-antworten","status":"publish","type":"page","link":"https:\/\/lektoratjanzen.de\/wp\/?page_id=101","title":{"rendered":"H\u00e4ufige Fragen (Q&#038;A)"},"content":{"rendered":"\t\t<div data-elementor-type=\"wp-page\" data-elementor-id=\"101\" class=\"elementor elementor-101\">\n\t\t\t\t<div class=\"elementor-element elementor-element-bcc7ef6 e-flex e-con-boxed e-con e-parent\" data-id=\"bcc7ef6\" data-element_type=\"container\" data-e-type=\"container\">\n\t\t\t\t\t<div class=\"e-con-inner\">\n\t\t\t\t<div class=\"elementor-element elementor-element-fe78bcd elementor-widget elementor-widget-image\" data-id=\"fe78bcd\" data-element_type=\"widget\" data-e-type=\"widget\" data-widget_type=\"image.default\">\n\t\t\t\t<div class=\"elementor-widget-container\">\n\t\t\t\t\t\t\t\t\t\t\t\t\t\t\t<img decoding=\"async\" src=\"https:\/\/lektoratjanzen.de\/wp\/wp-content\/uploads\/elementor\/thumbs\/fragen_hero-qnv6ree6zjx9qruysz3s16dz9urgkgqdwl4id9wtr4.png\" title=\"fragen_hero\" alt=\"H\u00e4ufige Fragen Bild\" loading=\"lazy\" \/>\t\t\t\t\t\t\t\t\t\t\t\t\t\t\t<\/div>\n\t\t\t\t<\/div>\n\t\t\t\t\t<\/div>\n\t\t\t\t<\/div>\n\t\t<div class=\"elementor-element elementor-element-35eeb0f3 e-flex e-con-boxed e-con e-parent\" data-id=\"35eeb0f3\" data-element_type=\"container\" data-e-type=\"container\">\n\t\t\t\t\t<div class=\"e-con-inner\">\n\t\t\t\t<div class=\"elementor-element elementor-element-6d25dc4d elementor-widget elementor-widget-text-editor\" data-id=\"6d25dc4d\" data-element_type=\"widget\" data-e-type=\"widget\" data-widget_type=\"text-editor.default\">\n\t\t\t\t<div class=\"elementor-widget-container\">\n\t\t\t\t\t\t\t\t\t\n<h3 class=\"wp-block-heading\">1. <strong>Was ist der Unterschied zwischen Lektorat und Korrektorat?<\/strong><\/h3>\n\n\n\n<ul class=\"wp-block-list\">\n<li>Beim Lektorat geht es um mehr als nur Rechtschreibfehler. Es beinhaltet eine umfassende \u00dcberarbeitung von Grammatik, Stil, Struktur und Klarheit. Das Korrektorat konzentriert sich haupts\u00e4chlich auf Rechtschreibung, Grammatik und typografische Fehler.<\/li>\n<\/ul>\n\n\n\n<h3 class=\"wp-block-heading\">2. <strong>Wie schnell erhalte ich meine bearbeiteten Texte zur\u00fcck?<\/strong><\/h3>\n\n\n\n<ul class=\"wp-block-list\">\n<li>Die Bearbeitungszeit variiert je nach Umfang und Art des Projekts. Wir sind jedoch stets bestrebt, Ihre Texte zeitnah zu bearbeiten. F\u00fcr dringende Anfragen bieten wir auch Expressoptionen an.<\/li>\n<\/ul>\n\n\n\n<h3 class=\"wp-block-heading\">3. <strong>Kann ich eine Kostprobe meiner Texte vor der Beauftragung erhalten?<\/strong><\/h3>\n\n\n\n<ul class=\"wp-block-list\">\n<li>Ja, wir bieten eine kostenlose Kostprobe an. Senden Sie uns einen Auszug Ihres Textes, und wir zeigen Ihnen, wie wir Ihre Inhalte verbessern k\u00f6nnen.<\/li>\n<\/ul>\n\n\n\n<h3 class=\"wp-block-heading\">4. <strong>Wie sicher ist die Vertraulichkeit meiner Dokumente?<\/strong><\/h3>\n\n\n\n<ul class=\"wp-block-list\">\n<li>Ihre Vertraulichkeit ist unsere Priorit\u00e4t. Wir haben strenge Datenschutzrichtlinien, und unser Team unterzeichnet Geheimhaltungsvereinbarungen. Ihre Dokumente werden sicher und vertraulich behandelt.<\/li>\n<\/ul>\n\n\n\n<h3 class=\"wp-block-heading\">5. <strong>Welche Textarten bearbeiten Sie?<\/strong><\/h3>\n\n\n\n<ul class=\"wp-block-list\">\n<li>Wir bieten umfassende Bearbeitungsdienste f\u00fcr verschiedene Textarten, darunter B\u00fccher, Flyer, akademische Arbeiten, Poster, Pr\u00e4sentationen und vieles mehr. Kontaktieren Sie uns, um Ihre speziellen Anforderungen zu besprechen.<\/li>\n<\/ul>\n\n\n\n<h3 class=\"wp-block-heading\">6. <strong>Welche Dateiformate akzeptieren Sie?<\/strong><\/h3>\n\n\n\n<ul class=\"wp-block-list\">\n<li>Wir akzeptieren eine Vielzahl von Dateiformaten, darunter Word-Dokumente, PDFs und Textdateien. Bei speziellen Anforderungen k\u00f6nnen wir auch andere Formate ber\u00fccksichtigen.<\/li>\n<\/ul>\n\n\n\n<h3 class=\"wp-block-heading\">7. <strong>Bieten Sie Rabatte f\u00fcr wiederkehrende Kunden an?<\/strong><\/h3>\n\n\n\n<ul class=\"wp-block-list\">\n<li>Ja, wir sch\u00e4tzen unsere wiederkehrenden Kunden. Kontaktieren Sie uns f\u00fcr Informationen zu unseren Treueprogrammen und m\u00f6glichen Rabatten.<\/li>\n<\/ul>\n\n\n\n<h3 class=\"wp-block-heading\">8. <strong>Wie erfolgt die Bezahlung f\u00fcr Ihre Dienstleistungen?<\/strong><\/h3>\n\n\n\n<ul class=\"wp-block-list\">\n<li>Die Bezahlung erfolgt in der Regel online \u00fcber sichere Zahlungsplattformen. Nach Vereinbarung k\u00f6nnen auch andere Zahlungsmethoden in Betracht gezogen werden.<\/li>\n<\/ul>\n\n\n\n<h3 class=\"wp-block-heading\">9. <strong>Bieten Sie auch \u00dcbersetzungsdienstleistungen an?<\/strong><\/h3>\n\n\n\n<ul class=\"wp-block-list\">\n<li>Unser Hauptfokus liegt auf Lektorat und Korrektorat von Texten in der Ausgangssprache. F\u00fcr \u00dcbersetzungen arbeiten wir jedoch mit zuverl\u00e4ssigen Partnern zusammen und k\u00f6nnen Empfehlungen aussprechen.<\/li>\n<\/ul>\n\n\n\n<h3 class=\"wp-block-heading\">10. <strong>Wie kann ich Ihre Dienstleistungen in Anspruch nehmen?<\/strong><\/h3>\n\n\n\n<ul class=\"wp-block-list\">\n<li>Es ist einfach! F\u00fcllen Sie unser Kontaktformular aus, senden Sie uns eine E-Mail oder rufen Sie uns an, um den Prozess zu starten. Wir werden uns umgehend mit Ihnen in Verbindung setzen.<\/li>\n<\/ul>\n\n\n\n<p>Haben Sie weitere Fragen? Wir sind hier, um Ihnen zu helfen. Kontaktieren Sie uns f\u00fcr weitere Informationen oder um Ihre individuellen Anforderungen zu besprechen.<\/p>\n\n\n\t\t\t\t\t\t\t\t<\/div>\n\t\t\t\t<\/div>\n\t\t\t\t\t<\/div>\n\t\t\t\t<\/div>\n\t\t\t\t<\/div>\n\t\t","protected":false},"excerpt":{"rendered":"<p>1. Was ist der Unterschied zwischen Lektorat und Korrektorat? 2. Wie schnell erhalte ich meine bearbeiteten Texte zur\u00fcck? 3. Kann ich eine Kostprobe meiner Texte vor der Beauftragung erhalten? 4. Wie sicher ist die Vertraulichkeit meiner Dokumente? 5. Welche Textarten bearbeiten Sie? 6. Welche Dateiformate &hellip; <\/p>\n","protected":false},"author":1,"featured_media":0,"parent":0,"menu_order":0,"comment_status":"closed","ping_status":"closed","template":"elementor_header_footer","meta":{"footnotes":""},"class_list":["post-101","page","type-page","status-publish","hentry"],"_links":{"self":[{"href":"https:\/\/lektoratjanzen.de\/wp\/index.php?rest_route=\/wp\/v2\/pages\/101","targetHints":{"allow":["GET"]}}],"collection":[{"href":"https:\/\/lektoratjanzen.de\/wp\/index.php?rest_route=\/wp\/v2\/pages"}],"about":[{"href":"https:\/\/lektoratjanzen.de\/wp\/index.php?rest_route=\/wp\/v2\/types\/page"}],"author":[{"embeddable":true,"href":"https:\/\/lektoratjanzen.de\/wp\/index.php?rest_route=\/wp\/v2\/users\/1"}],"replies":[{"embeddable":true,"href":"https:\/\/lektoratjanzen.de\/wp\/index.php?rest_route=%2Fwp%2Fv2%2Fcomments&post=101"}],"version-history":[{"count":6,"href":"https:\/\/lektoratjanzen.de\/wp\/index.php?rest_route=\/wp\/v2\/pages\/101\/revisions"}],"predecessor-version":[{"id":223,"href":"https:\/\/lektoratjanzen.de\/wp\/index.php?rest_route=\/wp\/v2\/pages\/101\/revisions\/223"}],"wp:attachment":[{"href":"https:\/\/lektoratjanzen.de\/wp\/index.php?rest_route=%2Fwp%2Fv2%2Fmedia&parent=101"}],"curies":[{"name":"wp","href":"https:\/\/api.w.org\/{rel}","templated":true}]}}