{"id":128,"date":"2024-02-03T13:57:15","date_gmt":"2024-02-03T12:57:15","guid":{"rendered":"http:\/\/lektorat.jjanzen.de\/?page_id=128"},"modified":"2025-10-20T21:53:57","modified_gmt":"2025-10-20T20:53:57","slug":"ueber-mich","status":"publish","type":"page","link":"https:\/\/lektoratjanzen.de\/wp\/?page_id=128","title":{"rendered":"\u00dcber mich"},"content":{"rendered":"\t\t<div data-elementor-type=\"wp-page\" data-elementor-id=\"128\" class=\"elementor elementor-128\">\n\t\t\t\t<div class=\"elementor-element elementor-element-7fc0a8fd e-flex e-con-boxed e-con e-parent\" data-id=\"7fc0a8fd\" data-element_type=\"container\" data-e-type=\"container\">\n\t\t\t\t\t<div class=\"e-con-inner\">\n\t\t\t\t<div class=\"elementor-element elementor-element-720d7fe elementor-widget elementor-widget-image\" data-id=\"720d7fe\" data-element_type=\"widget\" data-e-type=\"widget\" data-widget_type=\"image.default\">\n\t\t\t\t<div class=\"elementor-widget-container\">\n\t\t\t\t\t\t\t\t\t\t\t\t\t\t\t<img fetchpriority=\"high\" decoding=\"async\" width=\"200\" height=\"300\" src=\"https:\/\/lektoratjanzen.de\/wp\/wp-content\/uploads\/2024\/02\/MG_9411-200x300.jpg\" class=\"attachment-medium size-medium wp-image-160\" alt=\"Portrait Lektorin\" srcset=\"https:\/\/lektoratjanzen.de\/wp\/wp-content\/uploads\/2024\/02\/MG_9411-200x300.jpg 200w, https:\/\/lektoratjanzen.de\/wp\/wp-content\/uploads\/2024\/02\/MG_9411-683x1024.jpg 683w, https:\/\/lektoratjanzen.de\/wp\/wp-content\/uploads\/2024\/02\/MG_9411-768x1152.jpg 768w, https:\/\/lektoratjanzen.de\/wp\/wp-content\/uploads\/2024\/02\/MG_9411-1024x1536.jpg 1024w, https:\/\/lektoratjanzen.de\/wp\/wp-content\/uploads\/2024\/02\/MG_9411-1365x2048.jpg 1365w, https:\/\/lektoratjanzen.de\/wp\/wp-content\/uploads\/2024\/02\/MG_9411-scaled.jpg 1707w\" sizes=\"(max-width: 200px) 100vw, 200px\" \/>\t\t\t\t\t\t\t\t\t\t\t\t\t\t\t<\/div>\n\t\t\t\t<\/div>\n\t\t\t\t<div class=\"elementor-element elementor-element-27daf90 elementor-widget elementor-widget-text-editor\" data-id=\"27daf90\" data-element_type=\"widget\" data-e-type=\"widget\" data-widget_type=\"text-editor.default\">\n\t\t\t\t<div class=\"elementor-widget-container\">\n\t\t\t\t\t\t\t\t\t<p>Willkommen auf meiner Seite!<\/p>\n<p>Ich hei\u00dfe Katharina Janzen, bin 45 Jahre alt. Ich bin verheiratet und wir haben 3 Kinder.<\/p>\n<p>Hier erfahren Sie mehr \u00fcber die Leidenschaft und die Motivation, die mich antreibt, andere als Lektorin zu unterst\u00fctzen, sowie einige pers\u00f6nliche Details, die mich ausmachen.<\/p>\n<p><!-- \/wp:paragraph --><\/p>\n<p><!-- wp:paragraph --><\/p>\n<p>Unser Jahresaufenthalt am Anfang unserer Ehe auf den Philippinen pr\u00e4gte uns nachhaltig und vertiefte unser Verst\u00e4ndnis f\u00fcr die Wertsch\u00e4tzung anderer Menschen. Diese Erfahrung lehrte uns, dass &#8218;anders&#8216; nicht schlechter ist, sondern lediglich &#8218;anders&#8216;. Durch diese Erkenntnis kann ich mich besonders gut in andere Personen hineinversetzen und ihre Texte nachvollziehen, was mir dabei hilft, Korrekturen auf eine einfache und verst\u00e4ndliche Weise vorzunehmen.<\/p>\n<p><!-- \/wp:paragraph --><\/p>\n<p><!-- wp:paragraph --><\/p>\n<p>Schon seit meiner Teenagerzeit habe ich eine besondere Liebe zum Lesen entwickelt. Diese Leidenschaft hat mich dazu inspiriert, mich nicht nur pers\u00f6nlich weiterzubilden, sondern auch andere zu ermutigen, in die Welt der B\u00fccher einzutauchen. In der Schule unterst\u00fctzte ich meine Kinder aktiv und nutzte jede Gelegenheit, Kindern aus B\u00fcchern vorzulesen und auch mir vorlesen zu lassen. Zus\u00e4tzlich engagierte ich mich ehrenamtlich in einer B\u00fccherei, um meine Begeisterung f\u00fcr B\u00fccher weiterzugeben.<\/p>\n<p><!-- \/wp:paragraph --><\/p>\n<p><!-- wp:paragraph --><\/p>\n<p>Zu meinen Lieblingsb\u00fcchern geh\u00f6ren &#8222;Die Liebe ist stark&#8220; und &#8222;Die H\u00fctte&#8220;. Und au\u00dferdem empfinde ich Inspiration in Autobiografien und sch\u00e4tze die Ehrlichkeit und Aufrichtigkeit, die durch sie hindurchscheinen. Diese Werte pr\u00e4gen auch meine Arbeit \u2013 oft f\u00e4llt mir durch meine unheilbare Leidenschaft f\u00fcr aufrichtige Menschen &#8222;Falsches&#8220; auf, das ich gerne verbessere. Somit schaffe ich die M\u00f6glichkeit, Texte pr\u00e4zise zu optimieren und Menschen dabei zu unterst\u00fctzen, ihre Ziele zu erreichen.<\/p>\n<p>Als spezialisierte Lektorin widme ich mich der Unterst\u00fctzung von Fachleuten im Bereich des Kinderschutzes. Ich verstehe die Herausforderungen und die entscheidende Bedeutung Ihrer Arbeit. Mit ma\u00dfgeschneiderten Lektoratsdiensten helfe ich Ihnen, Ihre Texte so zu verfeinern, dass sie nicht nur erreichen, sondern auch bewegen und zum Handeln motivieren.<\/p>\n<p>Neben meiner Arbeit als Lektorin teile ich auf <a href=\"https:\/\/www.linkedin.com\/in\/lektoratjanzen-de\/\" target=\"_blank\" rel=\"noopener\">LinkedIn<\/a> regelm\u00e4\u00dfig wertvolle Inhalte und Ressourcen zu Kinderschutz-Themen. Schauen Sie vorbei und lassen Sie uns in Kontakt treten!<\/p>\n<p><!-- \/wp:paragraph --><\/p>\t\t\t\t\t\t\t\t<\/div>\n\t\t\t\t<\/div>\n\t\t\t\t\t<\/div>\n\t\t\t\t<\/div>\n\t\t\t\t<\/div>\n\t\t","protected":false},"excerpt":{"rendered":"<p>Willkommen auf meiner Seite! Ich hei\u00dfe Katharina Janzen, bin 45 Jahre alt. Ich bin verheiratet und wir haben 3 Kinder. Hier erfahren Sie mehr \u00fcber die Leidenschaft und die Motivation, die mich antreibt, andere als Lektorin zu unterst\u00fctzen, sowie einige pers\u00f6nliche Details, die mich ausmachen. &hellip; <\/p>\n","protected":false},"author":1,"featured_media":0,"parent":0,"menu_order":0,"comment_status":"closed","ping_status":"closed","template":"","meta":{"footnotes":""},"class_list":["post-128","page","type-page","status-publish","hentry"],"_links":{"self":[{"href":"https:\/\/lektoratjanzen.de\/wp\/index.php?rest_route=\/wp\/v2\/pages\/128","targetHints":{"allow":["GET"]}}],"collection":[{"href":"https:\/\/lektoratjanzen.de\/wp\/index.php?rest_route=\/wp\/v2\/pages"}],"about":[{"href":"https:\/\/lektoratjanzen.de\/wp\/index.php?rest_route=\/wp\/v2\/types\/page"}],"author":[{"embeddable":true,"href":"https:\/\/lektoratjanzen.de\/wp\/index.php?rest_route=\/wp\/v2\/users\/1"}],"replies":[{"embeddable":true,"href":"https:\/\/lektoratjanzen.de\/wp\/index.php?rest_route=%2Fwp%2Fv2%2Fcomments&post=128"}],"version-history":[{"count":41,"href":"https:\/\/lektoratjanzen.de\/wp\/index.php?rest_route=\/wp\/v2\/pages\/128\/revisions"}],"predecessor-version":[{"id":437,"href":"https:\/\/lektoratjanzen.de\/wp\/index.php?rest_route=\/wp\/v2\/pages\/128\/revisions\/437"}],"wp:attachment":[{"href":"https:\/\/lektoratjanzen.de\/wp\/index.php?rest_route=%2Fwp%2Fv2%2Fmedia&parent=128"}],"curies":[{"name":"wp","href":"https:\/\/api.w.org\/{rel}","templated":true}]}}