{"id":262,"date":"2024-03-22T18:15:53","date_gmt":"2024-03-22T17:15:53","guid":{"rendered":"http:\/\/lektorat.jjanzen.de\/?page_id=262"},"modified":"2026-01-17T23:07:32","modified_gmt":"2026-01-17T22:07:32","slug":"kinderschutz","status":"publish","type":"page","link":"https:\/\/lektoratjanzen.de\/wp\/?page_id=262","title":{"rendered":"Kinderschutz"},"content":{"rendered":"\t\t<div data-elementor-type=\"wp-page\" data-elementor-id=\"262\" class=\"elementor elementor-262\">\n\t\t\t\t<div class=\"elementor-element elementor-element-bcae32f e-flex e-con-boxed e-con e-parent\" data-id=\"bcae32f\" data-element_type=\"container\" data-e-type=\"container\">\n\t\t\t\t\t<div class=\"e-con-inner\">\n\t\t\t\t<div class=\"elementor-element elementor-element-b7fa499 elementor-widget elementor-widget-text-editor\" data-id=\"b7fa499\" data-element_type=\"widget\" data-e-type=\"widget\" data-widget_type=\"text-editor.default\">\n\t\t\t\t<div class=\"elementor-widget-container\">\n\t\t\t\t\t\t\t\t\t<div class=\"flex flex-grow flex-col max-w-full\">\n<div class=\"min-h-[20px] text-message flex flex-col items-start gap-3 whitespace-pre-wrap break-words [.text-message+&amp;]:mt-5 overflow-x-auto\" data-message-author-role=\"assistant\" data-message-id=\"b7fe98c2-e4b9-4070-9c98-31bee0b90ecc\">\n<div class=\"markdown prose w-full break-words dark:prose-invert light\">\n<p><strong>Meine Spezialisierung auf Kinderschutz<\/strong><\/p>\n<p>Jede Sekunde z\u00e4hlt im Kinderschutz, und die Arbeit, die Sie leisten, hat das Potenzial, Leben zu ver\u00e4ndern und zu retten. Mir ist bewusst, dass Fachleute wie Sie durch endlose Textkorrekturen wertvolle Zeit verlieren und Projekte sowie Vortr\u00e4ge durch zeitaufwendige \u00dcberarbeitungen verz\u00f6gert werden. Es ist mein Ziel, Ihnen diese Last zu nehmen.<\/p>\n<p>Durch meine Fokussierung auf Kinderschutzthemen habe ich ein Verst\u00e4ndnis f\u00fcr die Feinheiten und die erforderliche Sensibilit\u00e4t dieser Materie entwickelt. Ich unterst\u00fctze Sie dabei, Ihre Botschaften in klare, pr\u00e4gnante und ansprechende Texte zu verwandeln, die geh\u00f6rt und umgesetzt werden. So k\u00f6nnen Sie sich auf das Wesentliche konzentrieren: den Schutz und das Wohl von Kindern.<\/p>\n<\/div>\n<\/div>\n<\/div>\t\t\t\t\t\t\t\t<\/div>\n\t\t\t\t<\/div>\n\t\t<div class=\"elementor-element elementor-element-ad5dce4 e-grid e-con-full e-con e-child\" data-id=\"ad5dce4\" data-element_type=\"container\" data-e-type=\"container\">\n\t\t\t\t<div class=\"elementor-element elementor-element-c9db20e elementor-drop-cap-yes elementor-drop-cap-view-default elementor-widget elementor-widget-text-editor\" data-id=\"c9db20e\" data-element_type=\"widget\" data-e-type=\"widget\" data-settings=\"{&quot;drop_cap&quot;:&quot;yes&quot;}\" data-widget_type=\"text-editor.default\">\n\t\t\t\t<div class=\"elementor-widget-container\">\n\t\t\t\t\t\t\t\t\t<p data-start=\"5041\" data-end=\"5162\">\u201eBesonders beeindruckt hat mich die Detailgenauigkeit und Sorgfalt, mit der du an die Arbeit herangegangen bist.\u201c\u00a0<\/p>\t\t\t\t\t\t\t\t<\/div>\n\t\t\t\t<\/div>\n\t\t\t\t<div class=\"elementor-element elementor-element-f470c62 elementor-drop-cap-yes elementor-drop-cap-view-default elementor-widget elementor-widget-text-editor\" data-id=\"f470c62\" data-element_type=\"widget\" data-e-type=\"widget\" data-settings=\"{&quot;drop_cap&quot;:&quot;yes&quot;}\" data-widget_type=\"text-editor.default\">\n\t\t\t\t<div class=\"elementor-widget-container\">\n\t\t\t\t\t\t\t\t\t<p data-start=\"5215\" data-end=\"5343\">\u201eIch fand auch super, dass du dich beim Korrigieren an den Richtlinien vom wissenschaftlichen Arbeiten orientiert hast.\u201c<br \/><br \/>\u2014 Rahel<\/p>\t\t\t\t\t\t\t\t<\/div>\n\t\t\t\t<\/div>\n\t\t\t\t<\/div>\n\t\t\t\t<div class=\"elementor-element elementor-element-6dfb5d4 elementor-widget elementor-widget-text-editor\" data-id=\"6dfb5d4\" data-element_type=\"widget\" data-e-type=\"widget\" data-widget_type=\"text-editor.default\">\n\t\t\t\t<div class=\"elementor-widget-container\">\n\t\t\t\t\t\t\t\t\t<div class=\"flex flex-grow flex-col max-w-full\">\n<div class=\"min-h-[20px] text-message flex flex-col items-start gap-3 whitespace-pre-wrap break-words [.text-message+&amp;]:mt-5 overflow-x-auto\" data-message-author-role=\"assistant\" data-message-id=\"b7fe98c2-e4b9-4070-9c98-31bee0b90ecc\">\n<div class=\"markdown prose w-full break-words dark:prose-invert light\">\n<p><strong>Mein Netzwerk<\/strong><\/p>\n<p>Ich glaube an die St\u00e4rke der Zusammenarbeit und habe daher ein Netzwerk mit Organisationen und Fachleuten im Kinderschutz aufgebaut. Dies erm\u00f6glicht mir, Best Practices auszutauschen, stets aktuelle Forschungsergebnisse zu integrieren und Ihre Texte mit den relevantesten Informationen zu bereichern. Dazu geh\u00f6ren momentan:<\/p>\n<p>Externe Links \u2013 Wir \u00fcbernehmen keine Verantwortung f\u00fcr die Inhalte.<\/p>\n<ul>\n<li><a href=\"https:\/\/aus-unserer-sicht.de\" target=\"_blank\" rel=\"noopener\">aus-unserer-sicht.de<\/a> &#8222;Aus unserer Sicht&#8220; ist ein bundesweites Netzwerk von Betroffenen f\u00fcr Betroffene von sexualisierter Gewalt in Kindheit und Jugend und bietet Vernetzung, politische Interessenvertretung und eine Plattform f\u00fcr Erfahrungs- und Expertenwissen.<\/li>\n<li><a href=\"https:\/\/christliche-erziehung.net\" target=\"_blank\" rel=\"noopener\">fonds-missbrauch.de<\/a> &#8222;Fonds Sexueller Missbrauch&#8220; bietet Unterst\u00fctzung und finanzielle Hilfen f\u00fcr Opfer sexualisierter Gewalt im famili\u00e4ren oder institutionellen Kontext.<\/li>\n<li><a href=\"https:\/\/www.hilfe-portal-missbrauch.de\" target=\"_blank\" rel=\"noopener\">hilfe-portal-missbrauch.de<\/a> &#8222;Hilfe Portal Missbrauch&#8220; bietet Informationen, Beratung und Unterst\u00fctzung f\u00fcr Betroffene sexuellen Missbrauchs in Kindheit und Jugend, einschlie\u00dflich eines anonymen und kostenfreien Hilfe-Telefons sowie einer Online-Beratung.<\/li>\n<li><a href=\"https:\/\/proinfante.com\" target=\"_blank\" rel=\"noopener\">nina-info.de<\/a> &#8222;Nina-Info&#8220; bietet umfassende Informationen und Unterst\u00fctzung f\u00fcr Betroffene sexuellen Missbrauchs, einschlie\u00dflich eines kostenfreien und anonymen Hilfe-Telefons, Online-Beratung, sowie Schulungen und Ressourcen f\u00fcr Fachkr\u00e4fte und das soziale Umfeld.<\/li>\n<li><a href=\"https:\/\/proinfante.com\" target=\"_blank\" rel=\"noopener\">proinfante.com<\/a> &#8222;In dubio pro infante&#8220; ist ein Netzwerk-B\u00fcndnis, das gute Akteure aus Familienrecht und Kinderschutz, einschlie\u00dflich Wissenschaftler, Praktiker, Organisationen, Betroffene und engagierte Personen aus Gesellschaft und Politik, verkn\u00fcpft.<\/li>\n<li><a href=\"https:\/\/sonja-howard.com\/\" target=\"_blank\" rel=\"noopener\">sonja-howard.com<\/a> Sonja Howard ist Vorst\u00e4ndin von \u201cIn dubio pro infante \u201d\u00a0 und arbeitet auf L\u00e4nder- und Bundesebene daf\u00fcr, den Schutz von Kindern in allen Lebensbereichen zu verbessern.<\/li>\n<li><a href=\"https:\/\/wildwasser.de\/\" target=\"_blank\" rel=\"noopener\">wildwasser.de<\/a> &#8222;Wildwasser&#8220; bietet Unterst\u00fctzung und Beratung f\u00fcr Betroffene von sexuellem Missbrauch sowie eine bundesweite Suche nach Beratungsstellen.<\/li>\n<li><a href=\"https:\/\/www.wissen-hilft-sch\u00fctzen.de\" target=\"_blank\" rel=\"noopener\">wissen-hilft-sch\u00fctzen.de<\/a> &#8222;Wissen hilft sch\u00fctzen&#8220; bietet umfassende Informationen und Materialien zum Schutz von Kindern und Jugendlichen vor sexualisierter Gewalt im digitalen Raum, richtet sich an p\u00e4dagogische Fachkr\u00e4fte und Eltern, und bietet Hilfs- sowie Fortbildungsangebote.<\/li>\n<li><a href=\"https:\/\/christliche-erziehung.net\" target=\"_blank\" rel=\"noopener\">christliche-erziehung.net<\/a> Die Website von einem Freund, der sich Gedanken \u00fcber Erziehung gemacht hat, viel dazu forscht und seine Ergebnisse auf dieser Seite pr\u00e4sentiert.<br \/>\n<div class=\"flex flex-grow flex-col max-w-full\">\u00a0<\/div>\n<\/li>\n<\/ul>\n<p><strong>Gemeinsam stark f\u00fcr den Kinderschutz<\/strong><\/p>\n<p>Lassen Sie uns gemeinsam daf\u00fcr sorgen, dass Ihre wichtige Botschaft im Kinderschutz die Anerkennung findet, die sie verdient. Kontaktieren Sie mich, um mehr dar\u00fcber zu erfahren, wie ich Ihre Texte so transformieren kann, dass sie nicht nur geh\u00f6rt, sondern auch umgesetzt werden. Gemeinsam k\u00f6nnen wir einen Unterschied machen \u2013 f\u00fcr eine sicherere Zukunft aller Kinder.<\/p>\n<\/div>\n<\/div>\n<\/div>\t\t\t\t\t\t\t\t<\/div>\n\t\t\t\t<\/div>\n\t\t\t\t\t<\/div>\n\t\t\t\t<\/div>\n\t\t<div class=\"elementor-element elementor-element-f314c6f e-flex e-con-boxed e-con e-parent\" data-id=\"f314c6f\" data-element_type=\"container\" data-e-type=\"container\">\n\t\t\t\t\t<div class=\"e-con-inner\">\n\t\t\t\t<div class=\"elementor-element elementor-element-0b544f7 elementor-widget elementor-widget-wpforms\" data-id=\"0b544f7\" data-element_type=\"widget\" data-e-type=\"widget\" data-widget_type=\"wpforms.default\">\n\t\t\t\t<div class=\"elementor-widget-container\">\n\t\t\t\t\t<div class=\"wpforms-container wpforms-container-full wpforms-render-modern\" id=\"wpforms-13\"><form id=\"wpforms-form-13\" class=\"wpforms-validate wpforms-form wpforms-ajax-form\" data-formid=\"13\" method=\"post\" enctype=\"multipart\/form-data\" action=\"\/wp\/index.php?rest_route=%2Fwp%2Fv2%2Fpages%2F262\" data-token=\"313b7556de97c07e352d8e8225a4ca24\" data-token-time=\"1776212007\"><noscript class=\"wpforms-error-noscript\">Bitte aktiviere JavaScript in deinem Browser, um dieses Formular fertigzustellen.<\/noscript><div id=\"wpforms-error-noscript\" style=\"display: none;\">Bitte aktiviere JavaScript in deinem Browser, um dieses Formular fertigzustellen.<\/div><div class=\"wpforms-field-container\"><div id=\"wpforms-13-field_1-container\" class=\"wpforms-field wpforms-field-name\" data-field-id=\"1\"><fieldset><legend class=\"wpforms-field-label\">Name <span class=\"wpforms-required-label\" aria-hidden=\"true\">*<\/span><\/legend><div class=\"wpforms-field-row wpforms-field-medium\"><div class=\"wpforms-field-row-block wpforms-first wpforms-one-half\"><input type=\"text\" id=\"wpforms-13-field_1\" class=\"wpforms-field-name-first wpforms-field-required\" name=\"wpforms[fields][1][first]\" aria-errormessage=\"wpforms-13-field_1-error\" required><label for=\"wpforms-13-field_1\" class=\"wpforms-field-sublabel after\">Vorname<\/label><\/div><div class=\"wpforms-field-row-block wpforms-one-half\"><input type=\"text\" id=\"wpforms-13-field_1-last\" class=\"wpforms-field-name-last wpforms-field-required\" name=\"wpforms[fields][1][last]\" aria-errormessage=\"wpforms-13-field_1-last-error\" required><label for=\"wpforms-13-field_1-last\" class=\"wpforms-field-sublabel after\">Nachname<\/label><\/div><\/div><\/fieldset><\/div><div id=\"wpforms-13-field_2-container\" class=\"wpforms-field wpforms-field-email\" data-field-id=\"2\"><label class=\"wpforms-field-label\" for=\"wpforms-13-field_2\">E-Mail-Adresse <span class=\"wpforms-required-label\" aria-hidden=\"true\">*<\/span><\/label><input type=\"email\" id=\"wpforms-13-field_2\" class=\"wpforms-field-medium wpforms-field-required\" name=\"wpforms[fields][2]\" spellcheck=\"false\" aria-errormessage=\"wpforms-13-field_2-error\" required><\/div><div id=\"wpforms-13-field_5-container\" class=\"wpforms-field wpforms-field-textarea\" data-field-id=\"5\"><label class=\"wpforms-field-label\" for=\"wpforms-13-field_5\">Beschreiben Sie kurz ihren Text <span class=\"wpforms-required-label\" aria-hidden=\"true\">*<\/span><\/label><textarea id=\"wpforms-13-field_5\" class=\"wpforms-field-medium wpforms-field-required\" name=\"wpforms[fields][5]\" aria-errormessage=\"wpforms-13-field_5-error\" required><\/textarea><\/div><div id=\"wpforms-13-field_8-container\" class=\"wpforms-field wpforms-field-text\" data-field-id=\"8\"><label class=\"wpforms-field-label\" for=\"wpforms-13-field_8\">Bis wann ben\u00f6tigen Sie die Korrektur?<\/label><input type=\"text\" id=\"wpforms-13-field_8\" class=\"wpforms-field-medium\" name=\"wpforms[fields][8]\" aria-errormessage=\"wpforms-13-field_8-error\" ><\/div><div id=\"wpforms-13-field_9-container\" class=\"wpforms-field wpforms-field-textarea\" data-field-id=\"9\"><label class=\"wpforms-field-label\" for=\"wpforms-13-field_9\">Probekorrektur einsenden (max. 100 Zeichen)<\/label><textarea id=\"wpforms-13-field_9\" class=\"wpforms-field-medium wpforms-limit-characters-enabled\" data-form-id=\"13\" data-field-id=\"9\" data-text-limit=\"100\" name=\"wpforms[fields][9]\" aria-errormessage=\"wpforms-13-field_9-error\" maxlength=\"100\" ><\/textarea><\/div><\/div><!-- .wpforms-field-container -->\r\n\t\t\t<script>\r\n\t\t\tif ( typeof huOptions !== 'undefined' ) {\r\n\t\t\t\tvar huFormData = {\"source\":\"wpforms\",\"id\":13,\"title\":\"Willkommen\",\"fields\":{\"subject\":{\"first_name\":\"\",\"last_name\":\"\"}}};\r\n\t\t\t\tvar huFormNode = document.querySelector( '[id=\"wpforms-13\"] form' );\r\n\r\n\t\t\t\tvar firstName = huFormNode.querySelector( 'input.wpforms-field-name-first' );\r\n\t\t\t\tvar lastName = huFormNode.querySelector( 'input.wpforms-field-name-last' );\r\n\r\n\t\t\t\tif ( firstName )\r\n\t\t\t\t\thuFormData['fields']['subject']['first_name'] = firstName.getAttribute( 'name' );\r\n\r\n\t\t\t\tif ( lastName )\r\n\t\t\t\t\thuFormData['fields']['subject']['last_name'] = lastName.getAttribute( 'name' );\r\n\r\n\t\t\t\thuFormData['node'] = huFormNode;\r\n\t\t\t\thuOptions['forms'].push( huFormData );\r\n\t\t\t}\r\n\t\t\t<\/script><div class=\"wpforms-submit-container\" ><input type=\"hidden\" name=\"wpforms[id]\" value=\"13\"><input type=\"hidden\" name=\"page_title\" value=\"\"><input type=\"hidden\" name=\"page_url\" value=\"https:\/\/lektoratjanzen.de\/wp\/index.php?rest_route=\/wp\/v2\/pages\/262\"><input type=\"hidden\" name=\"url_referer\" value=\"\"><button type=\"submit\" name=\"wpforms[submit]\" id=\"wpforms-submit-13\" class=\"wpforms-submit\" data-alt-text=\"Wird gesendet\u00a0\u2026\" data-submit-text=\"Versenden\" aria-live=\"assertive\" value=\"wpforms-submit\">Versenden<\/button><img decoding=\"async\" src=\"https:\/\/lektoratjanzen.de\/wp\/wp-content\/plugins\/wpforms-lite\/assets\/images\/submit-spin.svg\" class=\"wpforms-submit-spinner\" style=\"display: none;\" width=\"26\" height=\"26\" alt=\"Wird geladen\"><\/div><\/form><\/div>  <!-- .wpforms-container -->\t\t\t\t<\/div>\n\t\t\t\t<\/div>\n\t\t\t\t\t<\/div>\n\t\t\t\t<\/div>\n\t\t\t\t<\/div>\n\t\t","protected":false},"excerpt":{"rendered":"<p>Meine Spezialisierung auf Kinderschutz Jede Sekunde z\u00e4hlt im Kinderschutz, und die Arbeit, die Sie leisten, hat das Potenzial, Leben zu ver\u00e4ndern und zu retten. Mir ist bewusst, dass Fachleute wie Sie durch endlose Textkorrekturen wertvolle Zeit verlieren und Projekte sowie Vortr\u00e4ge durch zeitaufwendige \u00dcberarbeitungen verz\u00f6gert &hellip; <\/p>\n","protected":false},"author":1,"featured_media":0,"parent":0,"menu_order":0,"comment_status":"closed","ping_status":"closed","template":"","meta":{"footnotes":""},"class_list":["post-262","page","type-page","status-publish","hentry"],"_links":{"self":[{"href":"https:\/\/lektoratjanzen.de\/wp\/index.php?rest_route=\/wp\/v2\/pages\/262","targetHints":{"allow":["GET"]}}],"collection":[{"href":"https:\/\/lektoratjanzen.de\/wp\/index.php?rest_route=\/wp\/v2\/pages"}],"about":[{"href":"https:\/\/lektoratjanzen.de\/wp\/index.php?rest_route=\/wp\/v2\/types\/page"}],"author":[{"embeddable":true,"href":"https:\/\/lektoratjanzen.de\/wp\/index.php?rest_route=\/wp\/v2\/users\/1"}],"replies":[{"embeddable":true,"href":"https:\/\/lektoratjanzen.de\/wp\/index.php?rest_route=%2Fwp%2Fv2%2Fcomments&post=262"}],"version-history":[{"count":100,"href":"https:\/\/lektoratjanzen.de\/wp\/index.php?rest_route=\/wp\/v2\/pages\/262\/revisions"}],"predecessor-version":[{"id":496,"href":"https:\/\/lektoratjanzen.de\/wp\/index.php?rest_route=\/wp\/v2\/pages\/262\/revisions\/496"}],"wp:attachment":[{"href":"https:\/\/lektoratjanzen.de\/wp\/index.php?rest_route=%2Fwp%2Fv2%2Fmedia&parent=262"}],"curies":[{"name":"wp","href":"https:\/\/api.w.org\/{rel}","templated":true}]}}