{"id":76,"date":"2024-01-14T21:37:35","date_gmt":"2024-01-14T20:37:35","guid":{"rendered":"http:\/\/lektorat.jjanzen.de\/?page_id=76"},"modified":"2026-01-18T00:04:28","modified_gmt":"2026-01-17T23:04:28","slug":"willkommen-im-lektorat-2","status":"publish","type":"page","link":"https:\/\/lektoratjanzen.de\/wp\/","title":{"rendered":"Texte korrigieren"},"content":{"rendered":"\t\t<div data-elementor-type=\"wp-page\" data-elementor-id=\"76\" class=\"elementor elementor-76\">\n\t\t\t\t<div class=\"elementor-element elementor-element-455ffaf9 e-con-full e-flex e-con e-parent\" data-id=\"455ffaf9\" data-element_type=\"container\" data-e-type=\"container\">\n\t\t\t\t<div class=\"elementor-element elementor-element-9142785 elementor-widget elementor-widget-image\" data-id=\"9142785\" data-element_type=\"widget\" data-e-type=\"widget\" data-widget_type=\"image.default\">\n\t\t\t\t<div class=\"elementor-widget-container\">\n\t\t\t\t\t\t\t\t\t\t\t\t\t\t\t<img decoding=\"async\" src=\"https:\/\/lektoratjanzen.de\/wp\/wp-content\/uploads\/elementor\/thumbs\/front_hero5-1-qnv6r6vhgvmz5w5w0vurh8aairsiuvwj7jwmj27z4w.png\" title=\"Willkommen bei Lektoratjanzen.de!\" alt=\"Front Hero 5\" loading=\"lazy\" \/>\t\t\t\t\t\t\t\t\t\t\t\t\t\t\t<\/div>\n\t\t\t\t<\/div>\n\t\t\t\t<div class=\"elementor-element elementor-element-2b4bb197 elementor-widget elementor-widget-text-editor\" data-id=\"2b4bb197\" data-element_type=\"widget\" data-e-type=\"widget\" data-widget_type=\"text-editor.default\">\n\t\t\t\t<div class=\"elementor-widget-container\">\n\t\t\t\t\t\t\t\t\t\n<h2 id=\"block-4eb438dc-20ea-46e7-97e5-a5667828f885\"><strong>Lektorat Janzen &#8211; Textkorrektur mit Herz<\/strong><\/h2>\n\n<p>Damit Ihr Text fachlich pr\u00e4zise, sprachlich klar und mit echter Hingabe gepr\u00fcft wird \u2013 zuverl\u00e4ssig, sorgf\u00e4ltig und mit einem Blick f\u00fcr das, was Ihnen wichtig ist.<\/p>\n\t\t\t\t\t\t\t\t<\/div>\n\t\t\t\t<\/div>\n\t\t<div class=\"elementor-element elementor-element-3ad95cb e-grid e-con-boxed e-con e-child\" data-id=\"3ad95cb\" data-element_type=\"container\" data-e-type=\"container\">\n\t\t\t\t\t<div class=\"e-con-inner\">\n\t\t\t\t<div class=\"elementor-element elementor-element-33d1506 elementor-widget elementor-widget-text-editor\" data-id=\"33d1506\" data-element_type=\"widget\" data-e-type=\"widget\" data-widget_type=\"text-editor.default\">\n\t\t\t\t<div class=\"elementor-widget-container\">\n\t\t\t\t\t\t\t\t\t<p><strong data-start=\"1764\" data-end=\"1792\">RESPEKTVOLL &amp; SORGF\u00c4LTIG<\/strong><br data-start=\"1792\" data-end=\"1795\" \/>\u201e\u2026 respektvoll mit meinem Text umgegangen \u2026 Detailgenauigkeit und Sorgfalt \u2026\u201c<br data-start=\"1872\" data-end=\"1875\" \/>\u2014 Rahel<\/p>\t\t\t\t\t\t\t\t<\/div>\n\t\t\t\t<\/div>\n\t\t\t\t<div class=\"elementor-element elementor-element-95d297a elementor-widget elementor-widget-text-editor\" data-id=\"95d297a\" data-element_type=\"widget\" data-e-type=\"widget\" data-widget_type=\"text-editor.default\">\n\t\t\t\t<div class=\"elementor-widget-container\">\n\t\t\t\t\t\t\t\t\t<p><strong data-start=\"1884\" data-end=\"1911\">ERREICHEND &amp; ERMUTIGEND<\/strong><br data-start=\"1911\" data-end=\"1914\" \/>\u201e\u2026 ermutigend, akribisch und genau \u2026 bereichernd.\u201c<br data-start=\"1964\" data-end=\"1967\" \/>\u2014 Angelika<\/p>\t\t\t\t\t\t\t\t<\/div>\n\t\t\t\t<\/div>\n\t\t\t\t<div class=\"elementor-element elementor-element-9c11021 elementor-widget elementor-widget-text-editor\" data-id=\"9c11021\" data-element_type=\"widget\" data-e-type=\"widget\" data-widget_type=\"text-editor.default\">\n\t\t\t\t<div class=\"elementor-widget-container\">\n\t\t\t\t\t\t\t\t\t<p><strong data-start=\"1657\" data-end=\"1686\">GUTEN GEWISSENS abgegeben<\/strong><br data-start=\"1686\" data-end=\"1689\" \/>\u201e\u2026 so konnte ich sie auf jeden Fall guten Gewissens abgeben \u2026\u201c<br data-start=\"1751\" data-end=\"1754\" \/>\u2014 Corina<\/p>\t\t\t\t\t\t\t\t<\/div>\n\t\t\t\t<\/div>\n\t\t\t\t\t<\/div>\n\t\t\t\t<\/div>\n\t\t\t\t<div class=\"elementor-element elementor-element-e7b0eff elementor-widget elementor-widget-text-editor\" data-id=\"e7b0eff\" data-element_type=\"widget\" data-e-type=\"widget\" data-widget_type=\"text-editor.default\">\n\t\t\t\t<div class=\"elementor-widget-container\">\n\t\t\t\t\t\t\t\t\t\n<h2><strong>Textkorrektur f\u00fcr Organisationen<\/strong><\/h2>\n\n<p>Unsere umfassenden Dienstleistungen konzentrieren sich auf die Korrektur <strong><em>verschiedener Textarten<\/em><\/strong>, wobei wir speziell darauf abzielen, <strong><em>Organisationen <\/em><\/strong>im Bereich <a href=\"https:\/\/lektoratjanzen.de\/wp\/?page_id=262\"><em><strong>Kinderschutz <\/strong><\/em><\/a>durch pr\u00e4zise Korrekturen zu unterst\u00fctzen. Unsere Expertise erstreckt sich \u00fcber sprachliche Optimierung hinaus, um sicherzustellen, dass die Botschaften klar und wirkungsvoll \u00fcbermittelt werden.<\/p>\n\n<h2><strong>Textkorrektur f\u00fcr Privatpersonen<\/strong><\/h2>\n\n<p>Neben der sprachlichen Feinabstimmung bieten wir zudem Hilfe f\u00fcr <strong><em>Privatpersonen <\/em><\/strong>an, insbesondere bei der Formulierung von Texten aus pers\u00f6nlichen Notizen. Unser Ziel ist es, individuelle Erfahrungen auf einf\u00fchlsame Weise zu reflektieren und durch die Kraft der Worte Verst\u00e4ndnis zu f\u00f6rdern.<\/p>\n<p>Gemeinsam setzen wir uns f\u00fcr Kinderschutz ein! Vernetzen Sie sich mit mir auf <a href=\"https:\/\/www.linkedin.com\/in\/lektoratjanzen-de\/\" target=\"_blank\" rel=\"noopener\">LinkedIn<\/a> und erfahren Sie, wie ich Geschichten und Organisationen unterst\u00fctze, die etwas bewirken.<\/p>\n\t\t\t\t\t\t\t\t<\/div>\n\t\t\t\t<\/div>\n\t\t\t\t<div class=\"elementor-element elementor-element-79ce8c1 elementor-widget elementor-widget-heading\" data-id=\"79ce8c1\" data-element_type=\"widget\" data-e-type=\"widget\" data-widget_type=\"heading.default\">\n\t\t\t\t<div class=\"elementor-widget-container\">\n\t\t\t\t\t<h2 class=\"elementor-heading-title elementor-size-default\">Stimmen aus der Zusammenarbeit<\/h2>\t\t\t\t<\/div>\n\t\t\t\t<\/div>\n\t\t<div class=\"elementor-element elementor-element-cc85918 e-grid e-con-boxed e-con e-child\" data-id=\"cc85918\" data-element_type=\"container\" data-e-type=\"container\">\n\t\t\t\t\t<div class=\"e-con-inner\">\n\t\t\t\t<div class=\"elementor-element elementor-element-72f6422 elementor-drop-cap-yes elementor-drop-cap-view-default elementor-widget elementor-widget-text-editor\" data-id=\"72f6422\" data-element_type=\"widget\" data-e-type=\"widget\" data-settings=\"{&quot;drop_cap&quot;:&quot;yes&quot;}\" data-widget_type=\"text-editor.default\">\n\t\t\t\t<div class=\"elementor-widget-container\">\n\t\t\t\t\t\t\t\t\t<h3>Guten Gewissens abgegeben<\/h3>\n<p>\u201eVielen lieben Dank, dass du die Arbeit korrekturgelesen hast \u2013 so konnte ich sie auf jeden Fall guten Gewissens abgeben. Dann hat es mir auch gefallen, dass du an der einen oder anderen Stelle stilistische Anmerkungen dagelassen hast. Alles in allem bin ich sehr zufrieden und empfehle dich gerne weiter.\u201c<\/p>\n<p>\u2014 Corina<\/p>\t\t\t\t\t\t\t\t<\/div>\n\t\t\t\t<\/div>\n\t\t\t\t<div class=\"elementor-element elementor-element-f4ec3bb elementor-drop-cap-yes elementor-drop-cap-view-default elementor-widget elementor-widget-text-editor\" data-id=\"f4ec3bb\" data-element_type=\"widget\" data-e-type=\"widget\" data-settings=\"{&quot;drop_cap&quot;:&quot;yes&quot;}\" data-widget_type=\"text-editor.default\">\n\t\t\t\t<div class=\"elementor-widget-container\">\n\t\t\t\t\t\t\t\t\t<h3>Respektvoller Umgang<\/h3>\n<p>\u201eIch fand richtig sch\u00f6n, wie respektvoll du mit meinem Text umgegangen bist und vor allem inhaltliche Verbesserungen erst mit mir abgekl\u00e4rt hast. Besonders beeindruckt hat mich die Detailgenauigkeit und Sorgfalt \u2026\u201c<br \/><br \/><em>\u2014 Rahel<\/em><\/p>\t\t\t\t\t\t\t\t<\/div>\n\t\t\t\t<\/div>\n\t\t\t\t<div class=\"elementor-element elementor-element-7ebe0d7 elementor-drop-cap-yes elementor-drop-cap-view-default elementor-widget elementor-widget-text-editor\" data-id=\"7ebe0d7\" data-element_type=\"widget\" data-e-type=\"widget\" data-settings=\"{&quot;drop_cap&quot;:&quot;yes&quot;}\" data-widget_type=\"text-editor.default\">\n\t\t\t\t<div class=\"elementor-widget-container\">\n\t\t\t\t\t\t\t\t\t<h3>Ermutigend &amp; akribisch<\/h3>\n<p>\u201e\u2026 vielen Dank f\u00fcr deine wahnsinnigen M\u00fchen und dein Herz dabei \u2764\ufe0f\u2764\ufe0f\u2764\ufe0f \u2026 Ich fand dich ermutigend, akribisch und genau. \u2026 Ich fand das wirklich bereichernd.\u201c<br \/><br \/><em>\u2014 Angelika<\/em><\/p>\t\t\t\t\t\t\t\t<\/div>\n\t\t\t\t<\/div>\n\t\t\t\t\t<\/div>\n\t\t\t\t<\/div>\n\t\t\t\t<div class=\"elementor-element elementor-element-b5943ae elementor-drop-cap-yes elementor-drop-cap-view-default elementor-widget elementor-widget-text-editor\" data-id=\"b5943ae\" data-element_type=\"widget\" data-e-type=\"widget\" data-settings=\"{&quot;drop_cap&quot;:&quot;yes&quot;}\" data-widget_type=\"text-editor.default\">\n\t\t\t\t<div class=\"elementor-widget-container\">\n\t\t\t\t\t\t\t\t\t<p>\u201e\u2026 du hast dich an alle Absprachen gehalten, und damit bin ich sehr zufrieden und empfehle dich gerne weiter \u2026 \ud83d\ude0a\u201c <br \/><br \/>\u2014 Corina<\/p>\t\t\t\t\t\t\t\t<\/div>\n\t\t\t\t<\/div>\n\t\t\t\t<div class=\"elementor-element elementor-element-302a30b elementor-widget elementor-widget-heading\" data-id=\"302a30b\" data-element_type=\"widget\" data-e-type=\"widget\" data-widget_type=\"heading.default\">\n\t\t\t\t<div class=\"elementor-widget-container\">\n\t\t\t\t\t<h2 class=\"elementor-heading-title elementor-size-default\">So l\u00e4uft es ab<\/h2>\t\t\t\t<\/div>\n\t\t\t\t<\/div>\n\t\t\t\t<div class=\"elementor-element elementor-element-39af0fa elementor-widget elementor-widget-text-editor\" data-id=\"39af0fa\" data-element_type=\"widget\" data-e-type=\"widget\" data-widget_type=\"text-editor.default\">\n\t\t\t\t<div class=\"elementor-widget-container\">\n\t\t\t\t\t\t\t\t\t<ol>\n<li data-start=\"103\" data-end=\"135\">Sie senden mir Ihren Text.<\/li>\n<li data-start=\"103\" data-end=\"135\">Ich pr\u00fcfe und \u00fcberarbeite ihn sorgf\u00e4ltig.<\/li>\n<li data-start=\"103\" data-end=\"135\">Sie erhalten ein klares Ergebnis mit Anmerkungen.<\/li>\n<li data-start=\"103\" data-end=\"135\">Bei Bedarf ist eine R\u00fcckfrage oder zweite Pr\u00fcfung m\u00f6glich.<\/li>\n<li data-start=\"103\" data-end=\"135\">Sie geben Ihren Text sicher ab.<\/li>\n<\/ol>\t\t\t\t\t\t\t\t<\/div>\n\t\t\t\t<\/div>\n\t\t\t\t<div class=\"elementor-element elementor-element-b2c0716 elementor-widget elementor-widget-heading\" data-id=\"b2c0716\" data-element_type=\"widget\" data-e-type=\"widget\" data-widget_type=\"heading.default\">\n\t\t\t\t<div class=\"elementor-widget-container\">\n\t\t\t\t\t<h2 class=\"elementor-heading-title elementor-size-default\">Jetzt Text pr\u00fcfen lassen!<\/h2>\t\t\t\t<\/div>\n\t\t\t\t<\/div>\n\t\t\t\t<div class=\"elementor-element elementor-element-055e34a elementor-widget elementor-widget-wpforms\" data-id=\"055e34a\" data-element_type=\"widget\" data-e-type=\"widget\" data-widget_type=\"wpforms.default\">\n\t\t\t\t<div class=\"elementor-widget-container\">\n\t\t\t\t\t<div class=\"wpforms-container wpforms-container-full wpforms-block wpforms-block-9baa7b25-127b-41ce-aaa2-13b6bd2727a7 wpforms-render-modern\" id=\"wpforms-13\"><form id=\"wpforms-form-13\" class=\"wpforms-validate wpforms-form wpforms-ajax-form\" data-formid=\"13\" method=\"post\" enctype=\"multipart\/form-data\" action=\"\/wp\/index.php?rest_route=%2Fwp%2Fv2%2Fpages%2F76\" data-token=\"313b7556de97c07e352d8e8225a4ca24\" data-token-time=\"1776211927\"><noscript class=\"wpforms-error-noscript\">Bitte aktiviere JavaScript in deinem Browser, um dieses Formular fertigzustellen.<\/noscript><div id=\"wpforms-error-noscript\" style=\"display: none;\">Bitte aktiviere JavaScript in deinem Browser, um dieses Formular fertigzustellen.<\/div><div class=\"wpforms-field-container\"><div id=\"wpforms-13-field_1-container\" class=\"wpforms-field wpforms-field-name\" data-field-id=\"1\"><fieldset><legend class=\"wpforms-field-label\">Name <span class=\"wpforms-required-label\" aria-hidden=\"true\">*<\/span><\/legend><div class=\"wpforms-field-row wpforms-field-medium\"><div class=\"wpforms-field-row-block wpforms-first wpforms-one-half\"><input type=\"text\" id=\"wpforms-13-field_1\" class=\"wpforms-field-name-first wpforms-field-required\" name=\"wpforms[fields][1][first]\" aria-errormessage=\"wpforms-13-field_1-error\" required><label for=\"wpforms-13-field_1\" class=\"wpforms-field-sublabel after\">Vorname<\/label><\/div><div class=\"wpforms-field-row-block wpforms-one-half\"><input type=\"text\" id=\"wpforms-13-field_1-last\" class=\"wpforms-field-name-last wpforms-field-required\" name=\"wpforms[fields][1][last]\" aria-errormessage=\"wpforms-13-field_1-last-error\" required><label for=\"wpforms-13-field_1-last\" class=\"wpforms-field-sublabel after\">Nachname<\/label><\/div><\/div><\/fieldset><\/div><div id=\"wpforms-13-field_2-container\" class=\"wpforms-field wpforms-field-email\" data-field-id=\"2\"><label class=\"wpforms-field-label\" for=\"wpforms-13-field_2\">E-Mail-Adresse <span class=\"wpforms-required-label\" aria-hidden=\"true\">*<\/span><\/label><input type=\"email\" id=\"wpforms-13-field_2\" class=\"wpforms-field-medium wpforms-field-required\" name=\"wpforms[fields][2]\" spellcheck=\"false\" aria-errormessage=\"wpforms-13-field_2-error\" required><\/div><div id=\"wpforms-13-field_5-container\" class=\"wpforms-field wpforms-field-textarea\" data-field-id=\"5\"><label class=\"wpforms-field-label\" for=\"wpforms-13-field_5\">Beschreiben Sie kurz ihren Text <span class=\"wpforms-required-label\" aria-hidden=\"true\">*<\/span><\/label><textarea id=\"wpforms-13-field_5\" class=\"wpforms-field-medium wpforms-field-required\" name=\"wpforms[fields][5]\" aria-errormessage=\"wpforms-13-field_5-error\" required><\/textarea><\/div><div id=\"wpforms-13-field_8-container\" class=\"wpforms-field wpforms-field-text\" data-field-id=\"8\"><label class=\"wpforms-field-label\" for=\"wpforms-13-field_8\">Bis wann ben\u00f6tigen Sie die Korrektur?<\/label><input type=\"text\" id=\"wpforms-13-field_8\" class=\"wpforms-field-medium\" name=\"wpforms[fields][8]\" aria-errormessage=\"wpforms-13-field_8-error\" ><\/div><div id=\"wpforms-13-field_9-container\" class=\"wpforms-field wpforms-field-textarea\" data-field-id=\"9\"><label class=\"wpforms-field-label\" for=\"wpforms-13-field_9\">Probekorrektur einsenden (max. 100 Zeichen)<\/label><textarea id=\"wpforms-13-field_9\" class=\"wpforms-field-medium wpforms-limit-characters-enabled\" data-form-id=\"13\" data-field-id=\"9\" data-text-limit=\"100\" name=\"wpforms[fields][9]\" aria-errormessage=\"wpforms-13-field_9-error\" maxlength=\"100\" ><\/textarea><\/div><\/div><!-- .wpforms-field-container -->\r\n\t\t\t<script>\r\n\t\t\tif ( typeof huOptions !== 'undefined' ) {\r\n\t\t\t\tvar huFormData = {\"source\":\"wpforms\",\"id\":13,\"title\":\"Willkommen\",\"fields\":{\"subject\":{\"first_name\":\"\",\"last_name\":\"\"}}};\r\n\t\t\t\tvar huFormNode = document.querySelector( '[id=\"wpforms-13\"] form' );\r\n\r\n\t\t\t\tvar firstName = huFormNode.querySelector( 'input.wpforms-field-name-first' );\r\n\t\t\t\tvar lastName = huFormNode.querySelector( 'input.wpforms-field-name-last' );\r\n\r\n\t\t\t\tif ( firstName )\r\n\t\t\t\t\thuFormData['fields']['subject']['first_name'] = firstName.getAttribute( 'name' );\r\n\r\n\t\t\t\tif ( lastName )\r\n\t\t\t\t\thuFormData['fields']['subject']['last_name'] = lastName.getAttribute( 'name' );\r\n\r\n\t\t\t\thuFormData['node'] = huFormNode;\r\n\t\t\t\thuOptions['forms'].push( huFormData );\r\n\t\t\t}\r\n\t\t\t<\/script><div class=\"wpforms-submit-container\" ><input type=\"hidden\" name=\"wpforms[id]\" value=\"13\"><input type=\"hidden\" name=\"page_title\" value=\"\"><input type=\"hidden\" name=\"page_url\" value=\"https:\/\/lektoratjanzen.de\/wp\/index.php?rest_route=\/wp\/v2\/pages\/76\"><input type=\"hidden\" name=\"url_referer\" value=\"\"><button type=\"submit\" name=\"wpforms[submit]\" id=\"wpforms-submit-13\" class=\"wpforms-submit\" data-alt-text=\"Wird gesendet\u00a0\u2026\" data-submit-text=\"Versenden\" aria-live=\"assertive\" value=\"wpforms-submit\">Versenden<\/button><img decoding=\"async\" src=\"https:\/\/lektoratjanzen.de\/wp\/wp-content\/plugins\/wpforms-lite\/assets\/images\/submit-spin.svg\" class=\"wpforms-submit-spinner\" style=\"display: none;\" width=\"26\" height=\"26\" alt=\"Wird geladen\"><\/div><\/form><\/div>  <!-- .wpforms-container -->\t\t\t\t<\/div>\n\t\t\t\t<\/div>\n\t\t\t\t<div class=\"elementor-element elementor-element-7dce902 elementor-widget elementor-widget-heading\" data-id=\"7dce902\" data-element_type=\"widget\" data-e-type=\"widget\" data-widget_type=\"heading.default\">\n\t\t\t\t<div class=\"elementor-widget-container\">\n\t\t\t\t\t<h2 class=\"elementor-heading-title elementor-size-default\">Lektorat Janzen \u2013 Textkorrektur mit Herz<\/h2>\t\t\t\t<\/div>\n\t\t\t\t<\/div>\n\t\t\t\t<\/div>\n\t\t<div class=\"elementor-element elementor-element-76b2f38 e-grid e-con-boxed e-con e-parent\" data-id=\"76b2f38\" data-element_type=\"container\" data-e-type=\"container\">\n\t\t\t\t\t<div class=\"e-con-inner\">\n\t\t\t\t\t<\/div>\n\t\t\t\t<\/div>\n\t\t\t\t<\/div>\n\t\t","protected":false},"excerpt":{"rendered":"<p>Lektorat Janzen &#8211; Textkorrektur mit Herz Damit Ihr Text fachlich pr\u00e4zise, sprachlich klar und mit echter Hingabe gepr\u00fcft wird \u2013 zuverl\u00e4ssig, sorgf\u00e4ltig und mit einem Blick f\u00fcr das, was Ihnen wichtig ist. RESPEKTVOLL &amp; SORGF\u00c4LTIG\u201e\u2026 respektvoll mit meinem Text umgegangen \u2026 Detailgenauigkeit und Sorgfalt \u2026\u201c\u2014 &hellip; <\/p>\n","protected":false},"author":1,"featured_media":0,"parent":0,"menu_order":0,"comment_status":"closed","ping_status":"closed","template":"elementor_header_footer","meta":{"footnotes":""},"class_list":["post-76","page","type-page","status-publish","hentry"],"_links":{"self":[{"href":"https:\/\/lektoratjanzen.de\/wp\/index.php?rest_route=\/wp\/v2\/pages\/76","targetHints":{"allow":["GET"]}}],"collection":[{"href":"https:\/\/lektoratjanzen.de\/wp\/index.php?rest_route=\/wp\/v2\/pages"}],"about":[{"href":"https:\/\/lektoratjanzen.de\/wp\/index.php?rest_route=\/wp\/v2\/types\/page"}],"author":[{"embeddable":true,"href":"https:\/\/lektoratjanzen.de\/wp\/index.php?rest_route=\/wp\/v2\/users\/1"}],"replies":[{"embeddable":true,"href":"https:\/\/lektoratjanzen.de\/wp\/index.php?rest_route=%2Fwp%2Fv2%2Fcomments&post=76"}],"version-history":[{"count":117,"href":"https:\/\/lektoratjanzen.de\/wp\/index.php?rest_route=\/wp\/v2\/pages\/76\/revisions"}],"predecessor-version":[{"id":524,"href":"https:\/\/lektoratjanzen.de\/wp\/index.php?rest_route=\/wp\/v2\/pages\/76\/revisions\/524"}],"wp:attachment":[{"href":"https:\/\/lektoratjanzen.de\/wp\/index.php?rest_route=%2Fwp%2Fv2%2Fmedia&parent=76"}],"curies":[{"name":"wp","href":"https:\/\/api.w.org\/{rel}","templated":true}]}}