{"id":94,"date":"2024-01-15T07:15:41","date_gmt":"2024-01-15T06:15:41","guid":{"rendered":"http:\/\/lektorat.jjanzen.de\/?page_id=94"},"modified":"2026-01-17T23:08:06","modified_gmt":"2026-01-17T22:08:06","slug":"unsere-dienstleistungen-perfekte-texte-fuer-jeden-bedarf","status":"publish","type":"page","link":"https:\/\/lektoratjanzen.de\/wp\/?page_id=94","title":{"rendered":"Preise"},"content":{"rendered":"\t\t<div data-elementor-type=\"wp-page\" data-elementor-id=\"94\" class=\"elementor elementor-94\">\n\t\t\t\t<div class=\"elementor-element elementor-element-1369cfff e-flex e-con-boxed e-con e-parent\" data-id=\"1369cfff\" data-element_type=\"container\" data-e-type=\"container\">\n\t\t\t\t\t<div class=\"e-con-inner\">\n\t\t\t\t<div class=\"elementor-element elementor-element-4bf2bfa elementor-widget elementor-widget-image\" data-id=\"4bf2bfa\" data-element_type=\"widget\" data-e-type=\"widget\" data-widget_type=\"image.default\">\n\t\t\t\t<div class=\"elementor-widget-container\">\n\t\t\t\t\t\t\t\t\t\t\t\t\t\t\t<img decoding=\"async\" src=\"https:\/\/lektoratjanzen.de\/wp\/wp-content\/uploads\/elementor\/thumbs\/preise_footer-qnv6rg9vd7zudzs8hzx165wwgmi6zuxukufhbtu1eo.png\" title=\"preise_footer\" alt=\"Lektorat Preise\" loading=\"lazy\" \/>\t\t\t\t\t\t\t\t\t\t\t\t\t\t\t<\/div>\n\t\t\t\t<\/div>\n\t\t\t\t<div class=\"elementor-element elementor-element-23fb3124 elementor-widget elementor-widget-text-editor\" data-id=\"23fb3124\" data-element_type=\"widget\" data-e-type=\"widget\" data-widget_type=\"text-editor.default\">\n\t\t\t\t<div class=\"elementor-widget-container\">\n\t\t\t\t\t\t\t\t\t\n<h3 class=\"wp-block-heading\">Perfekte Texte f\u00fcr jeden Bedarf<\/h3>\n\n<p>Willkommen auf unserer Dienstleistungsseite, wo wir Ihnen einen detaillierten Einblick in die Bandbreite unserer professionellen Lektorats- und Korrektoratsdienste bieten. Bei Lektorat Janzen verstehen wir, dass jeder Text einzigartig ist, und deshalb passen wir unsere Dienstleistungen und Preise an die spezifischen Anforderungen Ihrer Texte an (Normseiten- oder Projektpreise).<\/p>\n\n<h3 class=\"wp-block-heading\">Buchlektorat<\/h3>\n\n<p>Sie haben ein Buch geschrieben und wollen sicherstellen, dass es inhaltlich und sprachlich \u00fcberzeugt? Unser Buchlektorat bietet umfassende \u00dcberarbeitungsdienste, einschlie\u00dflich Rechtschreibpr\u00fcfung, Grammatik\u00fcberpr\u00fcfung und stilistischer Optimierung. Wir sorgen daf\u00fcr, dass Ihr Buch fehlerfrei und professionell pr\u00e4sentiert wird.<\/p>\n\n<h3 class=\"wp-block-heading\">Flyer-Korrektur<\/h3>\n\n<p>Ihre Werbematerialien sind die Visitenkarte Ihres Unternehmens. Unsere Flyer-Korrektur gew\u00e4hrleistet, dass Ihre Botschaft klar und konsistent ist. Von der Fehlerkorrektur bis zur Verbesserung der Lesbarkeit sind wir Ihr Partner f\u00fcr erstklassige Textbearbeitung.<\/p>\n\n<h3 class=\"wp-block-heading\">Dokumente und Arbeiten<\/h3>\n\n<p>Von verschiedenen Arbeiten bis zu Abschlussarbeiten: Unsere Dienstleistungen f\u00fcr Texte bieten eine gr\u00fcndliche \u00dcberarbeitung, um sicherzustellen, dass Ihre Arbeit den h\u00f6chsten Standards entspricht. Wir unterst\u00fctzen Sie bei der Kl\u00e4rung von Sprache, Struktur und Zitierweise.<\/p>\n\n<h3 class=\"wp-block-heading\">Poster und Pr\u00e4sentationen<\/h3>\n\n<p>Pr\u00e4sentieren Sie Ihre Ideen mit klaren und wirkungsvollen Postern und Pr\u00e4sentationen. Unser Team optimiert Text und Layout f\u00fcr maximale Aufmerksamkeit und Verst\u00e4ndlichkeit.<\/p>\n\n<h3 class=\"wp-block-heading\">Individuelle Projekte<\/h3>\n\n<p>Jeder Text verdient eine ma\u00dfgeschneiderte Bearbeitung. Wir bieten auch individualisierte Dienstleistungen f\u00fcr spezielle Anforderungen an. Sprechen Sie mit uns \u00fcber Ihre Bed\u00fcrfnisse, und wir entwickeln eine L\u00f6sung, die perfekt zu Ihnen passt.<\/p>\n\n<h3 class=\"wp-block-heading\">Warum Unsere Dienstleistungen?<\/h3>\n\n<ul class=\"wp-block-list\">\n<li><strong>Motiviertes Team:<\/strong> Unsere Lektoren und Korrektoren verf\u00fcgen \u00fcber Erfahrung und exzellente Fachkenntnisse.<\/li>\n\n<li><strong>P\u00fcnktliche Lieferung:<\/strong> Wir wissen, wie wichtig Termintreue ist. Verlassen Sie sich auf uns f\u00fcr zeitnahe Ergebnisse.<\/li>\n\n<li><strong>Qualit\u00e4tsgarantie:<\/strong> Wir streben nach Perfektion und bieten Ihnen eine fehlerfreie und sprachlich brillante Endversion.<\/li>\n<\/ul>\n\n<p>Entdecken Sie, wie Lektorat Janzen Ihre Texte auf das n\u00e4chste Level heben kann. Nehmen Sie Kontakt auf, um mehr \u00fcber unsere Dienstleistungen zu erfahren oder eine kostenlose Kostprobe zu erhalten.<\/p>\n\t\t\t\t\t\t\t\t<\/div>\n\t\t\t\t<\/div>\n\t\t\t\t<div class=\"elementor-element elementor-element-5c2f14c elementor-drop-cap-yes elementor-drop-cap-view-default elementor-widget elementor-widget-text-editor\" data-id=\"5c2f14c\" data-element_type=\"widget\" data-e-type=\"widget\" data-settings=\"{&quot;drop_cap&quot;:&quot;yes&quot;}\" data-widget_type=\"text-editor.default\">\n\t\t\t\t<div class=\"elementor-widget-container\">\n\t\t\t\t\t\t\t\t\t<p>\u201eIch fand\u2019s auch super, dass ich dir die Arbeit <br \/>nochmal zuschicken konnte, <br \/>und du nochmal korrekturgelesen hast.\u201c<br \/><br \/><em>\u2014 Corina<\/em><\/p>\t\t\t\t\t\t\t\t<\/div>\n\t\t\t\t<\/div>\n\t\t\t\t<div class=\"elementor-element elementor-element-ccf2c59 elementor-widget elementor-widget-wpforms\" data-id=\"ccf2c59\" data-element_type=\"widget\" data-e-type=\"widget\" data-widget_type=\"wpforms.default\">\n\t\t\t\t<div class=\"elementor-widget-container\">\n\t\t\t\t\t<div class=\"wpforms-container wpforms-container-full wpforms-block wpforms-block-52f6a7ec-8756-4000-8537-1c09a7b69e23 wpforms-render-modern\" id=\"wpforms-13\"><form id=\"wpforms-form-13\" class=\"wpforms-validate wpforms-form wpforms-ajax-form\" data-formid=\"13\" method=\"post\" enctype=\"multipart\/form-data\" action=\"\/wp\/index.php?rest_route=%2Fwp%2Fv2%2Fpages%2F94\" data-token=\"313b7556de97c07e352d8e8225a4ca24\" data-token-time=\"1776212051\"><noscript class=\"wpforms-error-noscript\">Bitte aktiviere JavaScript in deinem Browser, um dieses Formular fertigzustellen.<\/noscript><div id=\"wpforms-error-noscript\" style=\"display: none;\">Bitte aktiviere JavaScript in deinem Browser, um dieses Formular fertigzustellen.<\/div><div class=\"wpforms-field-container\"><div id=\"wpforms-13-field_1-container\" class=\"wpforms-field wpforms-field-name\" data-field-id=\"1\"><fieldset><legend class=\"wpforms-field-label\">Name <span class=\"wpforms-required-label\" aria-hidden=\"true\">*<\/span><\/legend><div class=\"wpforms-field-row wpforms-field-medium\"><div class=\"wpforms-field-row-block wpforms-first wpforms-one-half\"><input type=\"text\" id=\"wpforms-13-field_1\" class=\"wpforms-field-name-first wpforms-field-required\" name=\"wpforms[fields][1][first]\" aria-errormessage=\"wpforms-13-field_1-error\" required><label for=\"wpforms-13-field_1\" class=\"wpforms-field-sublabel after\">Vorname<\/label><\/div><div class=\"wpforms-field-row-block wpforms-one-half\"><input type=\"text\" id=\"wpforms-13-field_1-last\" class=\"wpforms-field-name-last wpforms-field-required\" name=\"wpforms[fields][1][last]\" aria-errormessage=\"wpforms-13-field_1-last-error\" required><label for=\"wpforms-13-field_1-last\" class=\"wpforms-field-sublabel after\">Nachname<\/label><\/div><\/div><\/fieldset><\/div><div id=\"wpforms-13-field_2-container\" class=\"wpforms-field wpforms-field-email\" data-field-id=\"2\"><label class=\"wpforms-field-label\" for=\"wpforms-13-field_2\">E-Mail-Adresse <span class=\"wpforms-required-label\" aria-hidden=\"true\">*<\/span><\/label><input type=\"email\" id=\"wpforms-13-field_2\" class=\"wpforms-field-medium wpforms-field-required\" name=\"wpforms[fields][2]\" spellcheck=\"false\" aria-errormessage=\"wpforms-13-field_2-error\" required><\/div><div id=\"wpforms-13-field_5-container\" class=\"wpforms-field wpforms-field-textarea\" data-field-id=\"5\"><label class=\"wpforms-field-label\" for=\"wpforms-13-field_5\">Beschreiben Sie kurz ihren Text <span class=\"wpforms-required-label\" aria-hidden=\"true\">*<\/span><\/label><textarea id=\"wpforms-13-field_5\" class=\"wpforms-field-medium wpforms-field-required\" name=\"wpforms[fields][5]\" aria-errormessage=\"wpforms-13-field_5-error\" required><\/textarea><\/div><div id=\"wpforms-13-field_8-container\" class=\"wpforms-field wpforms-field-text\" data-field-id=\"8\"><label class=\"wpforms-field-label\" for=\"wpforms-13-field_8\">Bis wann ben\u00f6tigen Sie die Korrektur?<\/label><input type=\"text\" id=\"wpforms-13-field_8\" class=\"wpforms-field-medium\" name=\"wpforms[fields][8]\" aria-errormessage=\"wpforms-13-field_8-error\" ><\/div><div id=\"wpforms-13-field_9-container\" class=\"wpforms-field wpforms-field-textarea\" data-field-id=\"9\"><label class=\"wpforms-field-label\" for=\"wpforms-13-field_9\">Probekorrektur einsenden (max. 100 Zeichen)<\/label><textarea id=\"wpforms-13-field_9\" class=\"wpforms-field-medium wpforms-limit-characters-enabled\" data-form-id=\"13\" data-field-id=\"9\" data-text-limit=\"100\" name=\"wpforms[fields][9]\" aria-errormessage=\"wpforms-13-field_9-error\" maxlength=\"100\" ><\/textarea><\/div><\/div><!-- .wpforms-field-container -->\r\n\t\t\t<script>\r\n\t\t\tif ( typeof huOptions !== 'undefined' ) {\r\n\t\t\t\tvar huFormData = {\"source\":\"wpforms\",\"id\":13,\"title\":\"Willkommen\",\"fields\":{\"subject\":{\"first_name\":\"\",\"last_name\":\"\"}}};\r\n\t\t\t\tvar huFormNode = document.querySelector( '[id=\"wpforms-13\"] form' );\r\n\r\n\t\t\t\tvar firstName = huFormNode.querySelector( 'input.wpforms-field-name-first' );\r\n\t\t\t\tvar lastName = huFormNode.querySelector( 'input.wpforms-field-name-last' );\r\n\r\n\t\t\t\tif ( firstName )\r\n\t\t\t\t\thuFormData['fields']['subject']['first_name'] = firstName.getAttribute( 'name' );\r\n\r\n\t\t\t\tif ( lastName )\r\n\t\t\t\t\thuFormData['fields']['subject']['last_name'] = lastName.getAttribute( 'name' );\r\n\r\n\t\t\t\thuFormData['node'] = huFormNode;\r\n\t\t\t\thuOptions['forms'].push( huFormData );\r\n\t\t\t}\r\n\t\t\t<\/script><div class=\"wpforms-submit-container\" ><input type=\"hidden\" name=\"wpforms[id]\" value=\"13\"><input type=\"hidden\" name=\"page_title\" value=\"\"><input type=\"hidden\" name=\"page_url\" value=\"https:\/\/lektoratjanzen.de\/wp\/index.php?rest_route=\/wp\/v2\/pages\/94\"><input type=\"hidden\" name=\"url_referer\" value=\"\"><button type=\"submit\" name=\"wpforms[submit]\" id=\"wpforms-submit-13\" class=\"wpforms-submit\" data-alt-text=\"Wird gesendet\u00a0\u2026\" data-submit-text=\"Versenden\" aria-live=\"assertive\" value=\"wpforms-submit\">Versenden<\/button><img decoding=\"async\" src=\"https:\/\/lektoratjanzen.de\/wp\/wp-content\/plugins\/wpforms-lite\/assets\/images\/submit-spin.svg\" class=\"wpforms-submit-spinner\" style=\"display: none;\" width=\"26\" height=\"26\" alt=\"Wird geladen\"><\/div><\/form><\/div>  <!-- .wpforms-container -->\t\t\t\t<\/div>\n\t\t\t\t<\/div>\n\t\t\t\t\t<\/div>\n\t\t\t\t<\/div>\n\t\t\t\t<\/div>\n\t\t","protected":false},"excerpt":{"rendered":"<p>Perfekte Texte f\u00fcr jeden Bedarf Willkommen auf unserer Dienstleistungsseite, wo wir Ihnen einen detaillierten Einblick in die Bandbreite unserer professionellen Lektorats- und Korrektoratsdienste bieten. Bei Lektorat Janzen verstehen wir, dass jeder Text einzigartig ist, und deshalb passen wir unsere Dienstleistungen und Preise an die spezifischen &hellip; <\/p>\n","protected":false},"author":1,"featured_media":0,"parent":0,"menu_order":0,"comment_status":"closed","ping_status":"closed","template":"elementor_header_footer","meta":{"footnotes":""},"class_list":["post-94","page","type-page","status-publish","hentry"],"_links":{"self":[{"href":"https:\/\/lektoratjanzen.de\/wp\/index.php?rest_route=\/wp\/v2\/pages\/94","targetHints":{"allow":["GET"]}}],"collection":[{"href":"https:\/\/lektoratjanzen.de\/wp\/index.php?rest_route=\/wp\/v2\/pages"}],"about":[{"href":"https:\/\/lektoratjanzen.de\/wp\/index.php?rest_route=\/wp\/v2\/types\/page"}],"author":[{"embeddable":true,"href":"https:\/\/lektoratjanzen.de\/wp\/index.php?rest_route=\/wp\/v2\/users\/1"}],"replies":[{"embeddable":true,"href":"https:\/\/lektoratjanzen.de\/wp\/index.php?rest_route=%2Fwp%2Fv2%2Fcomments&post=94"}],"version-history":[{"count":36,"href":"https:\/\/lektoratjanzen.de\/wp\/index.php?rest_route=\/wp\/v2\/pages\/94\/revisions"}],"predecessor-version":[{"id":499,"href":"https:\/\/lektoratjanzen.de\/wp\/index.php?rest_route=\/wp\/v2\/pages\/94\/revisions\/499"}],"wp:attachment":[{"href":"https:\/\/lektoratjanzen.de\/wp\/index.php?rest_route=%2Fwp%2Fv2%2Fmedia&parent=94"}],"curies":[{"name":"wp","href":"https:\/\/api.w.org\/{rel}","templated":true}]}}